{"id":48,"date":"2019-08-06T08:44:25","date_gmt":"2019-08-06T08:44:25","guid":{"rendered":"https:\/\/klebeposter.ch\/?page_id=48"},"modified":"2020-08-03T11:53:46","modified_gmt":"2020-08-03T11:53:46","slug":"startseite-3","status":"publish","type":"page","link":"https:\/\/klebeposter.ch\/","title":{"rendered":"KLEBEPOSTER"},"content":{"rendered":"\n<h2 class=\"wp-block-heading\">Willkommen bei <strong>klebeposter.ch<\/strong> <\/h2>\n\n\n\n<p><\/p>\n\n\n\n<hr class=\"wp-block-separator\"\/>\n\n\n\n<p><\/p>\n\n\n\n<p>Wenn Sie auf der Suche nach Klebepostern sind, welche Sie bestellen und Ihr eigenes Foto hochladen k\u00f6nnen, dann sind Sie hier genau richtig!<\/p>\n\n\n\n<p>Bei uns k\u00f6nnen Sie jedes Format zwischen 20 x 20 cm und 500 x 150 cm auf den Millimeter genau online bestellen.<\/p>\n\n\n\n<p>Unser Atelier befindet sich in Root D4 in Luzern, in welchem all unsere Bilder produziert werden.<\/p>\n\n\n<h4><strong>Herstellungprozess<\/strong><\/h4>\n<p>Alle Bilder werden mit unseren 12-Farben-Druckverfahren-Plottern auf all die verschiedenen Klebeposter gedruckt. Dies gew\u00e4hrt Ihrem Poster die beste Qualit\u00e4t.<\/p>\n<h4><strong>Verschiedene Materialien f\u00fcr Ihr Klebposter<\/strong><\/h4>\n<ul>\n<li><strong><a href=\"http:\/\/www.artotex.ch\/\">Artotex\u00ae<\/a> Klebeposter (wiederverwendbares, knitterfreies Textil)<\/strong><\/li>\n<\/ul>\n<p>Das selbstklebende, hochwertige und innovative Textil haftet auf fast allen Untergr\u00fcnden (z.B.: Glas, Holz, lackierten Oberfl\u00e4chen, Kunststoffen, M\u00f6beln\u2026). Artotex\u00ae ist mehrfach repositionierbar, hinterl\u00e4sst beim Abl\u00f6sen keine Kleber\u00fcckst\u00e4nde und knittert nicht. Zudem ist es reiss- und spritzwasserfest und \u00fcberzeugt aufgrund der Textilbasis mit einer angenehmen Haptik. Das Material kann jedoch nicht mit satter Bildtiefe bedruckt werden.<\/p>\n<ul>\n<li><strong>Polyfix Klebeposter (permanent haftend)<\/strong><\/li>\n<\/ul>\n<p>Die PVC-Folie ist permanent selbstklebend und universell einsetzbar. Durch die matte und spritzwasserfeste Oberfl\u00e4che sind tempor\u00e4re Eins\u00e4tze im Aussenbereich m\u00f6glich. Im Innenbereich kann Polyfix auf flachen und glatten Untergr\u00fcnden eingesetzt werden. Das Druckergebnis auf der PVC-Folie zeichnet sich durch satte Farben und eine brillante Farbwiedergabe aus.<\/p>\n<ul>\n<li><strong>Polytac Klebeposter (repositionierbar)<\/strong><\/li>\n<\/ul>\n<p>Polytac ist eine selbstklebende Polypropylen-Folie mit papier\u00e4hnlichem Grip. Die Folie ist repositionierbar sowie auf glatten Untergr\u00fcnden r\u00fcckstandslos entfernbar. &nbsp;Sie ist zudem reissfest und durch die matte Beschichtung auch spritzwasserfest. Das Material eignet sich f\u00fcr den Einsatz im Innen- sowie f\u00fcr den kurzfristigen Einsatz im Aussenbereich.<\/p>\n<ul>\n<li><strong>Polytac mit gl\u00e4nzendem oder mattem Laminat<\/strong><\/li>\n<\/ul>\n<p>Ihr Polytac-Poster wird nachtr\u00e4glich entweder mit einem strukturierten Glanz-Laminat oder einem strukturlosen, matten Laminat beschichtet. Falls Spiegelungen vermieden werden wollen, empfehlen wir das matte Laminat. Ihr Bild ist mit beiden Varianten sowohl UV- sowie spritzwassergesch\u00fctzt und l\u00e4sst sich somit jederzeit reinigen.<\/p>\n<p>All diese Optionen k\u00f6nnen Sie in unserem <a href=\"https:\/\/printolino.ch\/Klebeposter_p-f5642378-5a3c-464b-abc9-ec7265401a33-de\">Online-Shop<\/a> selber ausw\u00e4hlen.<\/p>\n<h4><strong>Wozu sind Klebeposter am besten geeignet<\/strong><\/h4>\n<p>Wie oben ersichtlich bieten wir Ihnen 3 verschiedene Klebeposter an. Jedes dieser selbstklebenden Poster profitiert von seinen Eigenschaften und eignet sich f\u00fcr unterschiedliche Zwecke. Das Artotex\u00ae ist ein hochwertiges und innovatives Textil zum Repositionieren und hinterl\u00e4sst keine Kleber\u00fcckst\u00e4nde. Durch seine Beschaffenheit ist es knitterfrei und sieht auch nach mehrmaliger Anwendung einwandfrei aus. Somit ist es f\u00fcr alle Anwendungszwecke geeignet. Unser Polyfix hingegen ist fix klebend und ist dadurch schwer abl\u00f6sbar und hinterl\u00e4sst Kleber\u00fcckst\u00e4nde. Polyfix ist ideal f\u00fcr alle Poster, die nicht entfernt werden wollen oder d\u00fcrfen. Vor allem zeichnet es sich durch satte Farben und eine brillante Farbwiedergabe aus. Falls Sie ihr Poster gerne wieder entfernen und repositionieren m\u00f6chten, wie zum Beispiel an einer Messe, dann empfehlen wir Ihnen unser Klebeposter Polytac. Die Polypropylen-Folie weist eine papier\u00e4hnliche Haptik auf und zeichnet sich wie das Polyfix, durch eine satte Farbwiedergabe aus. Zudem besteht die M\u00f6glichkeit das Polytac zu laminieren, um Ihr Bild noch besser zu sch\u00fctzen. Falls Sie weitere Informationen zu unseren Klebepostern ben\u00f6tigen, stehen wir Ihnen unter der Nummer 041 541 92 92 oder per Mail unter info@printolino.ch, gerne zur Verf\u00fcgung. Wir finden f\u00fcr Sie garantiert das richtige Produkt.<\/p>\n<p><\/p>\n<h4><strong>Noch nicht sicher?<\/strong><\/h4>\n<p>Sie haben die M\u00f6glichkeit einen Musterf\u00e4cher bei uns zu bestellen. Dies k\u00f6nnen Sie per Mail unter <a href=\"mailto:info@printolino.ch\">info@printolino.ch<\/a> tun. Damit k\u00f6nnen Sie auf Ihrer gew\u00fcnschten Oberfl\u00e4che einen Test durchf\u00fchren und werden bestimmt das richtige Produkt finden.<\/p>\n<p>Weitere Informationen zu Klebeposter und anderen Bildvarianten, die Sie bestellen k\u00f6nnen, finden Sie auf unserer offiziellen Website <a href=\"http:\/\/www.printolino.ch\">www.printolino.ch<\/a> oder auf unserem <a href=\"https:\/\/blog.printolino.ch\/klebeposter\/\">Blog.<\/a><\/p>\n\n\n<p><\/p>\n\n\n\n<div class=\"wp-block-button\"><a class=\"wp-block-button__link\" href=\"https:\/\/printolino.ch\/Klebeposter_p-f5642378-5a3c-464b-abc9-ec7265401a33-de\">PRINTOLINO<\/a><\/div>\n","protected":false},"excerpt":{"rendered":"<p>Willkommen bei klebeposter.ch Wenn Sie auf der Suche nach Klebepostern sind, welche Sie bestellen und Ihr eigenes Foto hochladen k\u00f6nnen, dann sind Sie hier genau richtig! Bei uns k\u00f6nnen Sie jedes Format zwischen 20 x 20 cm und 500 x 150 cm auf den Millimeter genau online bestellen. Unser Atelier befindet sich in Root D4 in Luzern, in welchem all unsere Bilder produziert werden. Herstellungprozess Alle Bilder werden mit unseren 12-Farben-Druckverfahren-Plottern auf all die verschiedenen Klebeposter gedruckt. Dies gew\u00e4hrt Ihrem Poster die beste Qualit\u00e4t. Verschiedene Materialien f\u00fcr Ihr Klebposter Artotex\u00ae Klebeposter (wiederverwendbares, knitterfreies Textil) Das selbstklebende, hochwertige und innovative Textil haftet auf fast allen Untergr\u00fcnden (z.B.: Glas, Holz, lackierten Oberfl\u00e4chen, Kunststoffen, M\u00f6beln\u2026). Artotex\u00ae ist mehrfach repositionierbar, hinterl\u00e4sst beim Abl\u00f6sen keine Kleber\u00fcckst\u00e4nde und knittert nicht. Zudem ist es reiss- und spritzwasserfest und \u00fcberzeugt aufgrund der Textilbasis mit einer angenehmen Haptik. Das Material kann jedoch nicht mit satter Bildtiefe bedruckt werden. Polyfix&hellip;<\/p>\n<p> <a class=\"more-link\" href=\"https:\/\/klebeposter.ch\/\">Weiterlesen<\/a><\/p>\n","protected":false},"author":1,"featured_media":120,"parent":0,"menu_order":0,"comment_status":"closed","ping_status":"closed","template":"","meta":{"footnotes":""},"class_list":["post-48","page","type-page","status-publish","has-post-thumbnail"],"_links":{"self":[{"href":"https:\/\/klebeposter.ch\/index.php?rest_route=\/wp\/v2\/pages\/48","targetHints":{"allow":["GET"]}}],"collection":[{"href":"https:\/\/klebeposter.ch\/index.php?rest_route=\/wp\/v2\/pages"}],"about":[{"href":"https:\/\/klebeposter.ch\/index.php?rest_route=\/wp\/v2\/types\/page"}],"author":[{"embeddable":true,"href":"https:\/\/klebeposter.ch\/index.php?rest_route=\/wp\/v2\/users\/1"}],"replies":[{"embeddable":true,"href":"https:\/\/klebeposter.ch\/index.php?rest_route=%2Fwp%2Fv2%2Fcomments&post=48"}],"version-history":[{"count":11,"href":"https:\/\/klebeposter.ch\/index.php?rest_route=\/wp\/v2\/pages\/48\/revisions"}],"predecessor-version":[{"id":162,"href":"https:\/\/klebeposter.ch\/index.php?rest_route=\/wp\/v2\/pages\/48\/revisions\/162"}],"wp:featuredmedia":[{"embeddable":true,"href":"https:\/\/klebeposter.ch\/index.php?rest_route=\/wp\/v2\/media\/120"}],"wp:attachment":[{"href":"https:\/\/klebeposter.ch\/index.php?rest_route=%2Fwp%2Fv2%2Fmedia&parent=48"}],"curies":[{"name":"wp","href":"https:\/\/api.w.org\/{rel}","templated":true}]}}