{"id":49,"date":"2019-08-06T08:44:25","date_gmt":"2019-08-06T08:44:25","guid":{"rendered":"https:\/\/klebeposter.ch\/?page_id=49"},"modified":"2019-08-07T09:25:29","modified_gmt":"2019-08-07T09:25:29","slug":"angebot-2","status":"publish","type":"page","link":"https:\/\/klebeposter.ch\/?page_id=49","title":{"rendered":"Angebot"},"content":{"rendered":"\n<h4 class=\"wp-block-heading\"><strong>Kurz und pr\u00e4zis<\/strong><\/h4>\n\n\n\n<ul class=\"wp-block-list\"><li>Viele Anwendungsm\u00f6glichkeiten<\/li><li>Drei unterschiedliche, selbstklebende Klebeposter<\/li><li>Laminat gl\u00e4nzend und matt bei Polytac bestellbar<\/li><li>Schnelle und einfach Anbringung<\/li><li>R\u00fcckstandslos entfernbar (Artotex\u00ae &amp; Polytac)<\/li><li>Hauchd\u00fcnn und robust<\/li><li>Minimumformat 20 x 20 cm<\/li><li>Maximumformat 150 x 500 cm<\/li><\/ul>\n\n\n\n<p><\/p>\n\n\n\n<h4 class=\"wp-block-heading\"><strong>Einfach und schnelle Montage der Klebeposter<\/strong><\/h4>\n\n\n\n<p>1. Klebeposter sorgf\u00e4ltig vom Tr\u00e4germaterial l\u00f6sen.<\/p>\n\n\n\n<p>2. Von der L\u00e4ngsseite beginnend auf der zu beklebenden\nFl\u00e4che anbringen.<\/p>\n\n\n\n<p>3. Von der Mitte nach Aussen ausstreichen \u2013 fertig!<\/p>\n\n\n\n<p><strong>Hinweis:<\/strong><\/p>\n\n\n\n<p>Auf glatten Oberfl\u00e4chen wie z.B. an T\u00fcren, Fliesen, Spiegeln\nW\u00e4nden, etc. erzielen Sie ein optimales Ergebnis. Bei rauen Strukturen an\nW\u00e4nden, grober Tapete oder empfindlicher Oberfl\u00e4che empfiehlt sich ein Test an\ngew\u00fcnschter Stelle. <\/p>\n\n\n\n<p>Der Untergrund muss trocken, sauber und fettfrei sein. Reinigen Sie diesen am besten vor dem Anbringen. Sie k\u00f6nnen bei uns kostenlos per Mail info@printolino.ch einen Musterf\u00e4cher bestellen. Die Klebeposter Artotex\u00ae und Polytac k\u00f6nnen nach mehrmaligem Repositionieren Ihre Klebewirkung etwas verlieren. <\/p>\n\n\n\n<p><\/p>\n\n\n\n<h4 class=\"wp-block-heading\"><strong>Vorteile<\/strong><\/h4>\n\n\n\n<p>Repositionierbar oder permanent selbstklebend<\/p>\n\n\n\n<p>Einfache und schnelle Anbringung<\/p>\n\n\n\n<p>Reiss- und spritzwasserfest<\/p>\n\n\n\n<p>Hauchd\u00fcnn und robust<\/p>\n\n\n\n<p>Satte Farben und hohe Farbwiedergabe (Polytac &amp; Polyfix)<\/p>\n\n\n\n<p>Keinerlei Kleber\u00fcckst\u00e4nde (Artotex\u00ae &amp; Polytac)<\/p>\n\n\n\n<p><\/p>\n\n\n\n<h4 class=\"wp-block-heading\"><strong>Nachteile<\/strong><\/h4>\n\n\n\n<p>Haftet nur auf flachen und ebenen Oberfl\u00e4chen zuverl\u00e4ssig<\/p>\n\n\n\n<p>Untergrund muss trocken, sauber und fettfrei sein<\/p>\n\n\n\n<p>Nach mehrmaligem Repositionieren kann die Klebewirkung\nnachlassen (Artotex\u00ae &amp; Polytac)<\/p>\n\n\n\n<p>Kleber\u00fcckst\u00e4nde (Polyfix)<\/p>\n\n\n\n<p>Keine satte Bildtiefe m\u00f6glich (Artotex\u00ae)<\/p>\n\n\n\n<p><\/p>\n\n\n\n<h4 class=\"wp-block-heading\">Preise<\/h4>\n\n\n\n<p>Hier finden Sie unsere <a href=\"https:\/\/klebeposter.ch\/wp-content\/uploads\/2019\/08\/Klebeposter-Preisliste-Standardformate-2019.pdf\">Preisliste<\/a> f\u00fcr Klebeposter in einigen Standard-Formate.<\/p>\n\n\n\n<p>Andere Preise mit individuellen Formaten k\u00f6nnen Sie in unserem <a href=\"https:\/\/printolino.ch\/Klebeposter_p-f5642378-5a3c-464b-abc9-ec7265401a33-de\">Online-Shop<\/a> ausprobieren.<\/p>\n\n\n\n<p>Weitere Informationen zu diesen Bildern finden Sie auf unserer offiziellen Webseite <a href=\"http:\/\/www.printolino.ch\">www.printolino.ch<\/a> oder unter diesem Link von unserem<a href=\"https:\/\/blog.printolino.ch\/klebeposter\/\"> Blog<\/a>.<\/p>\n\n\n\n<p>F\u00fcr allf\u00e4llige Fragen k\u00f6nnen Sie uns eine Mail an <a href=\"mailto:info@printolino.ch\">info@printolino.ch<\/a> schreiben oder uns\ntelefonisch kontaktieren unter 041 541 92 92.<\/p>\n","protected":false},"excerpt":{"rendered":"<p>Kurz und pr\u00e4zis Viele Anwendungsm\u00f6glichkeiten Drei unterschiedliche, selbstklebende Klebeposter Laminat gl\u00e4nzend und matt bei Polytac bestellbar Schnelle und einfach Anbringung R\u00fcckstandslos entfernbar (Artotex\u00ae &amp; Polytac) Hauchd\u00fcnn und robust Minimumformat 20 x 20 cm Maximumformat 150 x 500 cm Einfach und schnelle Montage der Klebeposter 1. Klebeposter sorgf\u00e4ltig vom Tr\u00e4germaterial l\u00f6sen. 2. Von der L\u00e4ngsseite beginnend auf der zu beklebenden Fl\u00e4che anbringen. 3. Von der Mitte nach Aussen ausstreichen \u2013 fertig! Hinweis: Auf glatten Oberfl\u00e4chen wie z.B. an T\u00fcren, Fliesen, Spiegeln W\u00e4nden, etc. erzielen Sie ein optimales Ergebnis. Bei rauen Strukturen an W\u00e4nden, grober Tapete oder empfindlicher Oberfl\u00e4che empfiehlt sich ein Test an gew\u00fcnschter Stelle. Der Untergrund muss trocken, sauber und fettfrei sein. Reinigen Sie diesen am besten vor dem Anbringen. Sie k\u00f6nnen bei uns kostenlos per Mail info@printolino.ch einen Musterf\u00e4cher bestellen. Die Klebeposter Artotex\u00ae und Polytac k\u00f6nnen nach mehrmaligem Repositionieren Ihre Klebewirkung etwas verlieren. Vorteile Repositionierbar oder permanent selbstklebend Einfache&hellip;<\/p>\n<p> <a class=\"more-link\" href=\"https:\/\/klebeposter.ch\/?page_id=49\">Weiterlesen<\/a><\/p>\n","protected":false},"author":1,"featured_media":115,"parent":0,"menu_order":0,"comment_status":"closed","ping_status":"closed","template":"","meta":{"footnotes":""},"class_list":["post-49","page","type-page","status-publish","has-post-thumbnail"],"_links":{"self":[{"href":"https:\/\/klebeposter.ch\/index.php?rest_route=\/wp\/v2\/pages\/49","targetHints":{"allow":["GET"]}}],"collection":[{"href":"https:\/\/klebeposter.ch\/index.php?rest_route=\/wp\/v2\/pages"}],"about":[{"href":"https:\/\/klebeposter.ch\/index.php?rest_route=\/wp\/v2\/types\/page"}],"author":[{"embeddable":true,"href":"https:\/\/klebeposter.ch\/index.php?rest_route=\/wp\/v2\/users\/1"}],"replies":[{"embeddable":true,"href":"https:\/\/klebeposter.ch\/index.php?rest_route=%2Fwp%2Fv2%2Fcomments&post=49"}],"version-history":[{"count":7,"href":"https:\/\/klebeposter.ch\/index.php?rest_route=\/wp\/v2\/pages\/49\/revisions"}],"predecessor-version":[{"id":150,"href":"https:\/\/klebeposter.ch\/index.php?rest_route=\/wp\/v2\/pages\/49\/revisions\/150"}],"wp:featuredmedia":[{"embeddable":true,"href":"https:\/\/klebeposter.ch\/index.php?rest_route=\/wp\/v2\/media\/115"}],"wp:attachment":[{"href":"https:\/\/klebeposter.ch\/index.php?rest_route=%2Fwp%2Fv2%2Fmedia&parent=49"}],"curies":[{"name":"wp","href":"https:\/\/api.w.org\/{rel}","templated":true}]}}