{"id":50,"date":"2019-08-06T08:44:25","date_gmt":"2019-08-06T08:44:25","guid":{"rendered":"https:\/\/klebeposter.ch\/?page_id=50"},"modified":"2019-08-27T07:25:56","modified_gmt":"2019-08-27T07:25:56","slug":"ueber-uns-2","status":"publish","type":"page","link":"https:\/\/klebeposter.ch\/?page_id=50","title":{"rendered":"\u00dcber uns"},"content":{"rendered":"\n<div class=\"wp-block-image\"><figure class=\"alignright is-resized\"><img decoding=\"async\" src=\"https:\/\/klebeposter.ch\/wp-content\/uploads\/2019\/08\/Logo-printolino15-1-1024x410.jpg\" alt=\"\" class=\"wp-image-83\" width=\"239\" height=\"95\" srcset=\"https:\/\/klebeposter.ch\/wp-content\/uploads\/2019\/08\/Logo-printolino15-1-1024x410.jpg 1024w, https:\/\/klebeposter.ch\/wp-content\/uploads\/2019\/08\/Logo-printolino15-1-300x120.jpg 300w, https:\/\/klebeposter.ch\/wp-content\/uploads\/2019\/08\/Logo-printolino15-1-768x307.jpg 768w\" sizes=\"(max-width: 239px) 100vw, 239px\" \/><\/figure><\/div>\n\n\n\n<p>Diese Webseite geh\u00f6rt der Firma printolino GmbH. <\/p>\n\n\n\n<p>Printolino hat ihren Sitz in Root D4 zwischen Luzern und Zug\nund ist somit sehr gut positioniert.<\/p>\n\n\n\n<p>Die Firma wurde im April 2007 vom aktuellen Gesch\u00e4ftsf\u00fchrer\nWerner M\u00fcller gegr\u00fcndet.<\/p>\n\n\n\n<p>Wir sind ein kleines Unternehmen, welches im Bereich des\ndigitalen Bilddruckes t\u00e4tig ist und sind spezialisiert auf den hochwertigen,\nindividuellen Digitaldruck.<\/p>\n\n\n\n<h4 class=\"wp-block-heading\"><strong>UNSERE PRODUKTE<\/strong><\/h4>\n\n\n\n<p>Wir bieten nicht nur Klebeposter an, sondern auch verschiedene Arten von Bildern:<\/p>\n\n\n\n<ul class=\"wp-block-list\"><li>Poster<\/li><li>Leinwandbilder<\/li><li>Acrylglasbilder <\/li><li>Aufgezogenes Bild auf eine:<ul><li>Alu-Dibond-Platte (robuste dreischichtige\nVerbindung von Aluminium und Kunststoff)<\/li><\/ul><ul><li>Forex-Platte (eine Hartschaumstoffplatte)<\/li><\/ul><\/li><\/ul>\n\n\n\n<ul class=\"wp-block-gallery columns-3 is-cropped wp-block-gallery-1 is-layout-flex wp-block-gallery-is-layout-flex\"><li class=\"blocks-gallery-item\"><figure><img fetchpriority=\"high\" decoding=\"async\" width=\"1024\" height=\"680\" src=\"https:\/\/klebeposter.ch\/wp-content\/uploads\/2019\/08\/poster-glaenzend-printolino-1-1024x680.jpg\" alt=\"\" data-id=\"90\" data-link=\"https:\/\/klebeposter.ch\/?attachment_id=90\" class=\"wp-image-90\" srcset=\"https:\/\/klebeposter.ch\/wp-content\/uploads\/2019\/08\/poster-glaenzend-printolino-1-1024x680.jpg 1024w, https:\/\/klebeposter.ch\/wp-content\/uploads\/2019\/08\/poster-glaenzend-printolino-1-300x199.jpg 300w, https:\/\/klebeposter.ch\/wp-content\/uploads\/2019\/08\/poster-glaenzend-printolino-1-768x510.jpg 768w, https:\/\/klebeposter.ch\/wp-content\/uploads\/2019\/08\/poster-glaenzend-printolino-1.jpg 1350w\" sizes=\"(max-width: 1024px) 100vw, 1024px\" \/><\/figure><\/li><li class=\"blocks-gallery-item\"><figure><img decoding=\"async\" width=\"1024\" height=\"684\" src=\"https:\/\/klebeposter.ch\/wp-content\/uploads\/2019\/08\/klebeposter-printolino-1024x684.jpg\" alt=\"\" data-id=\"88\" data-link=\"https:\/\/klebeposter.ch\/?attachment_id=88\" class=\"wp-image-88\" srcset=\"https:\/\/klebeposter.ch\/wp-content\/uploads\/2019\/08\/klebeposter-printolino-1024x684.jpg 1024w, https:\/\/klebeposter.ch\/wp-content\/uploads\/2019\/08\/klebeposter-printolino-300x200.jpg 300w, https:\/\/klebeposter.ch\/wp-content\/uploads\/2019\/08\/klebeposter-printolino-768x513.jpg 768w, https:\/\/klebeposter.ch\/wp-content\/uploads\/2019\/08\/klebeposter-printolino.jpg 1700w\" sizes=\"(max-width: 1024px) 100vw, 1024px\" \/><\/figure><\/li><li class=\"blocks-gallery-item\"><figure><img loading=\"lazy\" decoding=\"async\" width=\"1024\" height=\"686\" src=\"https:\/\/klebeposter.ch\/wp-content\/uploads\/2019\/08\/leinwandbild-printolino-1024x686.jpg\" alt=\"\" data-id=\"89\" data-link=\"https:\/\/klebeposter.ch\/?attachment_id=89\" class=\"wp-image-89\" srcset=\"https:\/\/klebeposter.ch\/wp-content\/uploads\/2019\/08\/leinwandbild-printolino-1024x686.jpg 1024w, https:\/\/klebeposter.ch\/wp-content\/uploads\/2019\/08\/leinwandbild-printolino-300x201.jpg 300w, https:\/\/klebeposter.ch\/wp-content\/uploads\/2019\/08\/leinwandbild-printolino-768x514.jpg 768w, https:\/\/klebeposter.ch\/wp-content\/uploads\/2019\/08\/leinwandbild-printolino.jpg 1750w\" sizes=\"(max-width: 1024px) 100vw, 1024px\" \/><\/figure><\/li><li class=\"blocks-gallery-item\"><figure><img loading=\"lazy\" decoding=\"async\" width=\"1024\" height=\"683\" src=\"https:\/\/klebeposter.ch\/wp-content\/uploads\/2019\/08\/acrylglasbild-printolino-2-1024x683.jpg\" alt=\"\" data-id=\"85\" data-link=\"https:\/\/klebeposter.ch\/?attachment_id=85\" class=\"wp-image-85\" srcset=\"https:\/\/klebeposter.ch\/wp-content\/uploads\/2019\/08\/acrylglasbild-printolino-2-1024x683.jpg 1024w, https:\/\/klebeposter.ch\/wp-content\/uploads\/2019\/08\/acrylglasbild-printolino-2-300x200.jpg 300w, https:\/\/klebeposter.ch\/wp-content\/uploads\/2019\/08\/acrylglasbild-printolino-2-768x512.jpg 768w\" sizes=\"(max-width: 1024px) 100vw, 1024px\" \/><\/figure><\/li><li class=\"blocks-gallery-item\"><figure><img loading=\"lazy\" decoding=\"async\" width=\"1024\" height=\"683\" src=\"https:\/\/klebeposter.ch\/wp-content\/uploads\/2019\/08\/alu-dibond-printolino-1024x683.jpg\" alt=\"\" data-id=\"86\" data-link=\"https:\/\/klebeposter.ch\/?attachment_id=86\" class=\"wp-image-86\" srcset=\"https:\/\/klebeposter.ch\/wp-content\/uploads\/2019\/08\/alu-dibond-printolino-1024x683.jpg 1024w, https:\/\/klebeposter.ch\/wp-content\/uploads\/2019\/08\/alu-dibond-printolino-300x200.jpg 300w, https:\/\/klebeposter.ch\/wp-content\/uploads\/2019\/08\/alu-dibond-printolino-768x513.jpg 768w\" sizes=\"(max-width: 1024px) 100vw, 1024px\" \/><\/figure><\/li><li class=\"blocks-gallery-item\"><figure><img loading=\"lazy\" decoding=\"async\" width=\"1024\" height=\"684\" src=\"https:\/\/klebeposter.ch\/wp-content\/uploads\/2019\/08\/forex-printolino-1024x684.jpg\" alt=\"\" data-id=\"87\" data-link=\"https:\/\/klebeposter.ch\/?attachment_id=87\" class=\"wp-image-87\" srcset=\"https:\/\/klebeposter.ch\/wp-content\/uploads\/2019\/08\/forex-printolino-1024x684.jpg 1024w, https:\/\/klebeposter.ch\/wp-content\/uploads\/2019\/08\/forex-printolino-300x200.jpg 300w, https:\/\/klebeposter.ch\/wp-content\/uploads\/2019\/08\/forex-printolino-768x513.jpg 768w\" sizes=\"(max-width: 1024px) 100vw, 1024px\" \/><\/figure><\/li><\/ul>\n\n\n\n<h4 class=\"wp-block-heading\"><strong>UNSER ONLINE-SHOP<\/strong><\/h4>\n\n\n\n<p>Printolino besitzt einen Online-Shop: <a href=\"http:\/\/www.printolino.ch\">www.printolino.ch<\/a>, welche die Firma 2019 entwickelt hat.<\/p>\n\n\n\n<p>Die neue Webseite bestivht durch ein modernes und attraktives Design und repr\u00e4sentiert unsere Qualit\u00e4t in der \u00d6ffentlichkeit besser.<\/p>\n\n\n\n<p>Auf diesem Online-Shop k\u00f6nnen Sie Ihr Bild hochladen und die gew\u00fcnschte Gr\u00f6sse auf den Millimeter ausw\u00e4hlen. Das gilt f\u00fcr jedes Produkt. Die <strong>individuell w\u00e4hlbaren Gr\u00f6ssen<\/strong> und die <strong>Qualit\u00e4t<\/strong> sind zwei Dinge, die uns von unseren Mitbewerbern abheben.<\/p>\n\n\n\n<h4 class=\"wp-block-heading\"><strong>INDIVIDUELLE GR\u00d6SSEN<\/strong><\/h4>\n\n\n\n<p>Wir bieten individuelle Formate an (auf den Millimeter):<\/p>\n\n\n\n<p>&#8211; Min. 20 x 20 cm.<\/p>\n\n\n\n<p>&#8211; Max. 300 x 150 cm (300 x 140 bei Leinwandbildern).<\/p>\n\n\n\n<h4 class=\"wp-block-heading\"><strong>QUALIT\u00c4TSKONTROLLE<\/strong><\/h4>\n\n\n\n<p>F\u00fcr Printolino steht die Qualit\u00e4t der Bilder an erster Stelle. Aus diesem Grund z\u00e4hlen zu unseren Kunden nicht nur Privatpersonen, sondern auch Fotografen, Agenturen, usw.<\/p>\n\n\n\n<p>Unser Slogan lautet: \u00abIhr bestes Bild, genauso wie Sie es\nwollen!\u00bb<\/p>\n\n\n\n<p>Wir betrachten es als unsere Pflicht, f\u00fcr unsere Kunden das bestm\u00f6gliche Ergebnis zu erreichen, damit sie Ihr Bild genauso erhalten, wie sie es wollen. Aus diesem Grund werden die Bilddateien vor dem Druck gut kontrolliert und kleine Anpassungen werden kostenlos durchgef\u00fchrt. Falls die Qualit\u00e4t eines Bildes nach unserem Ermessen ungen\u00fcgend ist, wenden wir uns vorg\u00e4ngig an den Kunden und warten mit dem Drucken des Bildes.<\/p>\n\n\n\n<ul class=\"wp-block-gallery columns-2 is-cropped wp-block-gallery-2 is-layout-flex wp-block-gallery-is-layout-flex\"><li class=\"blocks-gallery-item\"><figure><img loading=\"lazy\" decoding=\"async\" width=\"900\" height=\"601\" src=\"https:\/\/klebeposter.ch\/wp-content\/uploads\/2019\/08\/bildbearbeitung-printolino-qualit\u00e4t.jpg\" alt=\"\" data-id=\"91\" data-link=\"https:\/\/klebeposter.ch\/?attachment_id=91\" class=\"wp-image-91\" srcset=\"https:\/\/klebeposter.ch\/wp-content\/uploads\/2019\/08\/bildbearbeitung-printolino-qualit\u00e4t.jpg 900w, https:\/\/klebeposter.ch\/wp-content\/uploads\/2019\/08\/bildbearbeitung-printolino-qualit\u00e4t-300x200.jpg 300w, https:\/\/klebeposter.ch\/wp-content\/uploads\/2019\/08\/bildbearbeitung-printolino-qualit\u00e4t-768x513.jpg 768w\" sizes=\"(max-width: 900px) 100vw, 900px\" \/><\/figure><\/li><li class=\"blocks-gallery-item\"><figure><img loading=\"lazy\" decoding=\"async\" width=\"1024\" height=\"683\" src=\"https:\/\/klebeposter.ch\/wp-content\/uploads\/2019\/08\/leinwandbild-drucken-printolino-1024x683.jpg\" alt=\"\" data-id=\"92\" data-link=\"https:\/\/klebeposter.ch\/?attachment_id=92\" class=\"wp-image-92\" srcset=\"https:\/\/klebeposter.ch\/wp-content\/uploads\/2019\/08\/leinwandbild-drucken-printolino-1024x683.jpg 1024w, https:\/\/klebeposter.ch\/wp-content\/uploads\/2019\/08\/leinwandbild-drucken-printolino-300x200.jpg 300w, https:\/\/klebeposter.ch\/wp-content\/uploads\/2019\/08\/leinwandbild-drucken-printolino-768x512.jpg 768w, https:\/\/klebeposter.ch\/wp-content\/uploads\/2019\/08\/leinwandbild-drucken-printolino.jpg 1700w\" sizes=\"(max-width: 1024px) 100vw, 1024px\" \/><\/figure><\/li><\/ul>\n\n\n\n<p>Alle unseren Druckprodukte werden mit modernster\n12-Farben-Digital-Drucktechnik produziert. Das erm\u00f6glicht hochwertige\nErgebnisse beim Drucken.<\/p>\n\n\n\n<p>Die Zufriedenheit unserer Kundschaft ist so gross, dass sich unser Kundenstamm durch Empfehlungen vergr\u00f6ssert.<\/p>\n\n\n\n<h4 class=\"wp-block-heading\"><strong>SCHWEIZER QUALIT\u00c4TSARBEIT<\/strong><\/h4>\n\n\n\n<div class=\"wp-block-image\"><figure class=\"aligncenter is-resized\"><img loading=\"lazy\" decoding=\"async\" src=\"https:\/\/klebeposter.ch\/wp-content\/uploads\/2019\/08\/keilrahmen-printolino-1024x622.jpg\" alt=\"\" class=\"wp-image-93\" width=\"994\" height=\"602\" srcset=\"https:\/\/klebeposter.ch\/wp-content\/uploads\/2019\/08\/keilrahmen-printolino-300x182.jpg 300w, https:\/\/klebeposter.ch\/wp-content\/uploads\/2019\/08\/keilrahmen-printolino-768x466.jpg 768w\" sizes=\"(max-width: 994px) 100vw, 994px\" \/><\/figure><\/div>\n\n\n\n<p>Alle unsere Bilder werden direkt von uns in unserem Atelier\nin Root D4 handgefertigt.<\/p>\n\n\n\n<p>Unsere Keilrahmen werden bei einem der besten Schweizer\nLieferanten bestellt, der ein nachhaltiges FSC Keilrahmenholz herstellt.<\/p>\n\n\n\n<p>Nach der Produktion werden Ihre Bilder mit der\nSchweizerischen Post verschickt.<\/p>\n\n\n\n<h4 class=\"wp-block-heading\"><strong>LAGE<\/strong><\/h4>\n\n\n\n<p><strong>Adresse<\/strong> <br>printolino Gmbh<br>Technopark Luzern \/ Platz 4<br>6039 Root D4<\/p>\n\n\n\n<h4 class=\"wp-block-heading\"><strong>\u00d6ffnungszeiten<\/strong><\/h4>\n\n\n\n<p>Montag \u2013 Donnerstag: 8:00\u201312:00 und 13:30\u201317:00<br>Freitag: 8:00\u201312:00 und 13:30\u201316:30<\/p>\n\n\n\n<p>Wenn Sie mit dem Auto oder mit \u00f6ffentlichen Verkehrsmitteln\nanreisen, haben Sie bequeme M\u00f6glichkeiten, zu uns zu kommen.<\/p>\n\n\n\n<p>Die Autobahn ist nur wenige Kilometer entfernt.<\/p>\n\n\n\n<p>Ob Sie mit dem Zug oder mit dem Bus anreisen, die Entfernung\nvon den Haltestellen zu uns ist grunds\u00e4tzlich gleich.<\/p>\n\n\n\n<p>F\u00fcr detaillierte Verkehrsverbindungen klicken Sie <a href=\"https:\/\/blog.printolino.ch\/standort-printolino\/\">hier<\/a>.<\/p>\n\n\n\n<h4 class=\"wp-block-heading\">A<strong>USSTELLUNG<\/strong><\/h4>\n\n\n\n<figure class=\"wp-block-image\"><img loading=\"lazy\" decoding=\"async\" width=\"1024\" height=\"683\" src=\"https:\/\/klebeposter.ch\/wp-content\/uploads\/2019\/08\/ausstellung-bilder-printolino-1024x683.jpg\" alt=\"\" class=\"wp-image-94\" srcset=\"https:\/\/klebeposter.ch\/wp-content\/uploads\/2019\/08\/ausstellung-bilder-printolino-1024x683.jpg 1024w, https:\/\/klebeposter.ch\/wp-content\/uploads\/2019\/08\/ausstellung-bilder-printolino-300x200.jpg 300w, https:\/\/klebeposter.ch\/wp-content\/uploads\/2019\/08\/ausstellung-bilder-printolino-768x513.jpg 768w, https:\/\/klebeposter.ch\/wp-content\/uploads\/2019\/08\/ausstellung-bilder-printolino.jpg 1500w\" sizes=\"(max-width: 1024px) 100vw, 1024px\" \/><\/figure>\n\n\n\n<p>M\u00f6chten Sie mehr \u00fcber unsere Qualit\u00e4t erfahren und schauen,\nwie wir arbeiten?<\/p>\n\n\n\n<p>Besuchen Sie uns in unserem Atelier, wo wir Ihnen unsere\nBilderausstellung im selben Geb\u00e4ude zeigen.<\/p>\n\n\n\n<p>In einer F\u00fchrung erhalten Sie detaillierte Informationen zu unseren verschiedenen Produkten und den Eigenschaften, die sie definieren. Sehen Sie <a href=\"https:\/\/blog.printolino.ch\/betriebsbesichtigung-bei-printolino\/\">hier<\/a>, wie eine Gruppenbesichtigung bei uns aussieht.<\/p>\n\n\n\n<p>Am Schluss werden Sie \u00fcberrascht sein!<\/p>\n\n\n\n<h4 class=\"wp-block-heading\"><strong>TERMIN VEREINBAREN<\/strong><\/h4>\n\n\n\n<p>M\u00f6chten Sie vorbeikommen? Kontaktieren Sie uns \u00fcber Mail\noder per Telefon. So sind wir bestens vorbereitet, damit Ihr Besuch so angenehm\nund informativ wie m\u00f6glich ist.<\/p>\n\n\n\n<p>E-Mail&nbsp;&nbsp;&nbsp;&nbsp;&nbsp;&nbsp;&nbsp;&nbsp;&nbsp;&nbsp;&nbsp;&nbsp;&nbsp;&nbsp;&nbsp;&nbsp;&nbsp;&nbsp; info@printolino.ch<br>Telefon&nbsp;&nbsp;&nbsp;&nbsp;&nbsp;&nbsp;&nbsp;&nbsp;&nbsp;&nbsp;&nbsp;&nbsp;&nbsp;&nbsp;&nbsp; +41 41 541 92 92<\/p>\n","protected":false},"excerpt":{"rendered":"<p>Diese Webseite geh\u00f6rt der Firma printolino GmbH. Printolino hat ihren Sitz in Root D4 zwischen Luzern und Zug und ist somit sehr gut positioniert. Die Firma wurde im April 2007 vom aktuellen Gesch\u00e4ftsf\u00fchrer Werner M\u00fcller gegr\u00fcndet. Wir sind ein kleines Unternehmen, welches im Bereich des digitalen Bilddruckes t\u00e4tig ist und sind spezialisiert auf den hochwertigen, individuellen Digitaldruck. UNSERE PRODUKTE Wir bieten nicht nur Klebeposter an, sondern auch verschiedene Arten von Bildern: Poster Leinwandbilder Acrylglasbilder Aufgezogenes Bild auf eine: Alu-Dibond-Platte (robuste dreischichtige Verbindung von Aluminium und Kunststoff) Forex-Platte (eine Hartschaumstoffplatte) UNSER ONLINE-SHOP Printolino besitzt einen Online-Shop: www.printolino.ch, welche die Firma 2019 entwickelt hat. Die neue Webseite bestivht durch ein modernes und attraktives Design und repr\u00e4sentiert unsere Qualit\u00e4t in der \u00d6ffentlichkeit besser. Auf diesem Online-Shop k\u00f6nnen Sie Ihr Bild hochladen und die gew\u00fcnschte Gr\u00f6sse auf den Millimeter ausw\u00e4hlen. Das gilt f\u00fcr jedes Produkt. Die individuell w\u00e4hlbaren Gr\u00f6ssen und die Qualit\u00e4t sind zwei&hellip;<\/p>\n<p> <a class=\"more-link\" href=\"https:\/\/klebeposter.ch\/?page_id=50\">Weiterlesen<\/a><\/p>\n","protected":false},"author":1,"featured_media":112,"parent":0,"menu_order":0,"comment_status":"closed","ping_status":"closed","template":"","meta":{"footnotes":""},"class_list":["post-50","page","type-page","status-publish","has-post-thumbnail"],"_links":{"self":[{"href":"https:\/\/klebeposter.ch\/index.php?rest_route=\/wp\/v2\/pages\/50","targetHints":{"allow":["GET"]}}],"collection":[{"href":"https:\/\/klebeposter.ch\/index.php?rest_route=\/wp\/v2\/pages"}],"about":[{"href":"https:\/\/klebeposter.ch\/index.php?rest_route=\/wp\/v2\/types\/page"}],"author":[{"embeddable":true,"href":"https:\/\/klebeposter.ch\/index.php?rest_route=\/wp\/v2\/users\/1"}],"replies":[{"embeddable":true,"href":"https:\/\/klebeposter.ch\/index.php?rest_route=%2Fwp%2Fv2%2Fcomments&post=50"}],"version-history":[{"count":10,"href":"https:\/\/klebeposter.ch\/index.php?rest_route=\/wp\/v2\/pages\/50\/revisions"}],"predecessor-version":[{"id":160,"href":"https:\/\/klebeposter.ch\/index.php?rest_route=\/wp\/v2\/pages\/50\/revisions\/160"}],"wp:featuredmedia":[{"embeddable":true,"href":"https:\/\/klebeposter.ch\/index.php?rest_route=\/wp\/v2\/media\/112"}],"wp:attachment":[{"href":"https:\/\/klebeposter.ch\/index.php?rest_route=%2Fwp%2Fv2%2Fmedia&parent=50"}],"curies":[{"name":"wp","href":"https:\/\/api.w.org\/{rel}","templated":true}]}}